{"id":2911,"date":"2026-05-03T21:31:52","date_gmt":"2026-05-03T19:31:52","guid":{"rendered":"https:\/\/www.cnbc.ch\/?page_id=2911"},"modified":"2026-05-03T21:31:53","modified_gmt":"2026-05-03T19:31:53","slug":"50-ans-du-cnbc-1976-2026","status":"publish","type":"page","link":"https:\/\/www.cnbc.ch\/index.php\/50-ans-du-cnbc-1976-2026\/","title":{"rendered":"50 ans du CNBC 1976-2026"},"content":{"rendered":"\n<p><strong>\ud83c\udf89 Le Club Nautique de la Baie de Corsier f\u00eate ses 50 ans !<\/strong><\/p>\n\n\n\n<p>Cette ann\u00e9e, notre club souffle ses 50 bougies ! Depuis 1976, les membres du CNBC naviguent ensemble, partagent leur passion pour la voile et perp\u00e9tuent l&rsquo;esprit marin qui nous unit. Un demi-si\u00e8cle d&rsquo;aventures, de r\u00e9gates et d&rsquo;amiti\u00e9 qu&rsquo;il serait impensable de ne pas c\u00e9l\u00e9brer dignement.<\/p>\n\n\n\n<p>Pour marquer cet anniversaire exceptionnel, nous vous donnons rendez-vous le&nbsp;<strong>samedi 27 juin<\/strong>&nbsp;pour une journ\u00e9e et une soir\u00e9e plac\u00e9es sous le signe de la f\u00eate !<\/p>\n\n\n\n<p>La journ\u00e9e sera d\u00e9di\u00e9e \u00e0 une&nbsp;<strong>grande r\u00e9gate anniversaire<\/strong>, ouverte \u00e0 tous les passionn\u00e9s : monocoques et multicoques sont les bienvenus pour venir disputer cette course sp\u00e9ciale dans l&rsquo;esprit de convivialit\u00e9 qui nous est cher.<\/p>\n\n\n\n<p>En fin de journ\u00e9e, cap sur la f\u00eate ! Nous nous retrouverons tous ensemble autour d&rsquo;un&nbsp;<strong>grand repas convivial<\/strong>&nbsp;pour c\u00e9l\u00e9brer ce cap symbolique, retrouver les anciens, accueillir les nouveaux et trinquer \u00e0 cinquante nouvelles ann\u00e9es de navigation.<\/p>\n\n\n\n<p>R\u00e9servez la date \u2014&nbsp;<strong>le 27 juin, tout le monde est de la f\u00eate !<\/strong><\/p>\n\n\n\n<p><em>Club Nautique de la Baie de Corsier \u2014 1976 \/ 2026<\/em><\/p>\n","protected":false},"excerpt":{"rendered":"<p>\ud83c\udf89 Le Club Nautique de la Baie de Corsier f\u00eate ses 50 ans ! Cette ann\u00e9e, notre club souffle ses 50 bougies ! Depuis 1976, les membres du CNBC naviguent ensemble, partagent leur passion pour la voile et perp\u00e9tuent l&rsquo;esprit marin qui nous unit. Un demi-si\u00e8cle d&rsquo;aventures, de r\u00e9gates et d&rsquo;amiti\u00e9 qu&rsquo;il serait impensable de ne pas c\u00e9l\u00e9brer dignement. Pour marquer cet anniversaire exceptionnel, nous vous donnons rendez-vous le&nbsp;samedi 27 juin&nbsp;pour une journ\u00e9e et une soir\u00e9e plac\u00e9es sous le signe de la f\u00eate ! La journ\u00e9e sera d\u00e9di\u00e9e \u00e0 une&nbsp;grande r\u00e9gate anniversaire, ouverte \u00e0 tous les passionn\u00e9s : monocoques et multicoques sont les bienvenus pour venir disputer cette course sp\u00e9ciale dans l&rsquo;esprit de convivialit\u00e9 qui nous est cher. En fin de journ\u00e9e, cap sur la f\u00eate ! Nous nous retrouverons tous ensemble autour d&rsquo;un&nbsp;grand repas convivial&nbsp;pour c\u00e9l\u00e9brer ce cap symbolique, retrouver les anciens, accueillir les nouveaux et trinquer \u00e0 cinquante nouvelles ann\u00e9es de navigation. R\u00e9servez la date \u2014&nbsp;le 27 juin, tout le monde est de la f\u00eate ! Club Nautique de la Baie de Corsier \u2014 1976 \/ 2026<\/p>\n","protected":false},"author":3,"featured_media":0,"parent":0,"menu_order":0,"comment_status":"closed","ping_status":"closed","template":"","meta":{"footnotes":""},"folder":[],"class_list":["post-2911","page","type-page","status-publish","hentry"],"_links":{"self":[{"href":"https:\/\/www.cnbc.ch\/index.php\/wp-json\/wp\/v2\/pages\/2911","targetHints":{"allow":["GET"]}}],"collection":[{"href":"https:\/\/www.cnbc.ch\/index.php\/wp-json\/wp\/v2\/pages"}],"about":[{"href":"https:\/\/www.cnbc.ch\/index.php\/wp-json\/wp\/v2\/types\/page"}],"author":[{"embeddable":true,"href":"https:\/\/www.cnbc.ch\/index.php\/wp-json\/wp\/v2\/users\/3"}],"replies":[{"embeddable":true,"href":"https:\/\/www.cnbc.ch\/index.php\/wp-json\/wp\/v2\/comments?post=2911"}],"version-history":[{"count":1,"href":"https:\/\/www.cnbc.ch\/index.php\/wp-json\/wp\/v2\/pages\/2911\/revisions"}],"predecessor-version":[{"id":2913,"href":"https:\/\/www.cnbc.ch\/index.php\/wp-json\/wp\/v2\/pages\/2911\/revisions\/2913"}],"wp:attachment":[{"href":"https:\/\/www.cnbc.ch\/index.php\/wp-json\/wp\/v2\/media?parent=2911"}],"wp:term":[{"taxonomy":"folder","embeddable":true,"href":"https:\/\/www.cnbc.ch\/index.php\/wp-json\/wp\/v2\/folder?post=2911"}],"curies":[{"name":"wp","href":"https:\/\/api.w.org\/{rel}","templated":true}]}}